{"id":3939,"date":"2023-08-08T22:09:58","date_gmt":"2023-08-08T22:09:58","guid":{"rendered":"https:\/\/monepiceriemexicaine.ca\/confirmation-de-commande\/"},"modified":"2023-10-23T13:44:21","modified_gmt":"2023-10-23T13:44:21","slug":"confirmation-de-commande","status":"publish","type":"page","link":"https:\/\/monepiceriemexicaine.ca\/en\/confirmation-de-commande\/","title":{"rendered":"confirmation de commande"},"content":{"rendered":"\t\t<div data-elementor-type=\"wp-page\" data-elementor-id=\"3939\" class=\"elementor elementor-3939 elementor-2221\" data-elementor-post-type=\"page\">\n\t\t\t\t<div class=\"elementor-element elementor-element-53bb48f e-flex e-con-boxed e-con e-parent\" data-id=\"53bb48f\" data-element_type=\"container\" data-e-type=\"container\">\n\t\t\t\t\t<div class=\"e-con-inner\">\n\t\t\t\t<div class=\"elementor-element elementor-element-e1a0465 elementor-widget elementor-widget-image\" data-id=\"e1a0465\" data-element_type=\"widget\" data-e-type=\"widget\" data-widget_type=\"image.default\">\n\t\t\t\t<div class=\"elementor-widget-container\">\n\t\t\t\t\t\t\t\t\t\t\t\t\t\t\t<img fetchpriority=\"high\" decoding=\"async\" width=\"258\" height=\"258\" src=\"https:\/\/monepiceriemexicaine.ca\/wp-content\/uploads\/2023\/08\/check-order.webp\" class=\"attachment-large size-large wp-image-3239\" alt=\"\" srcset=\"https:\/\/monepiceriemexicaine.ca\/wp-content\/uploads\/2023\/08\/check-order.webp 258w, https:\/\/monepiceriemexicaine.ca\/wp-content\/uploads\/2023\/08\/check-order-150x150.webp 150w\" sizes=\"(max-width: 258px) 100vw, 258px\" \/>\t\t\t\t\t\t\t\t\t\t\t\t\t\t\t<\/div>\n\t\t\t\t<\/div>\n\t\t\t\t<div class=\"elementor-element elementor-element-f0d8adc elementor-widget elementor-widget-image\" data-id=\"f0d8adc\" data-element_type=\"widget\" data-e-type=\"widget\" data-widget_type=\"image.default\">\n\t\t\t\t<div class=\"elementor-widget-container\">\n\t\t\t\t\t\t\t\t\t\t\t\t\t\t\t<img decoding=\"async\" width=\"518\" height=\"158\" src=\"https:\/\/monepiceriemexicaine.ca\/wp-content\/uploads\/2023\/08\/flowers-order.webp\" class=\"attachment-large size-large wp-image-3240\" alt=\"\" srcset=\"https:\/\/monepiceriemexicaine.ca\/wp-content\/uploads\/2023\/08\/flowers-order.webp 518w, https:\/\/monepiceriemexicaine.ca\/wp-content\/uploads\/2023\/08\/flowers-order-300x92.webp 300w\" sizes=\"(max-width: 518px) 100vw, 518px\" \/>\t\t\t\t\t\t\t\t\t\t\t\t\t\t\t<\/div>\n\t\t\t\t<\/div>\n\t\t\t\t<div class=\"elementor-element elementor-element-cf9381d elementor-widget elementor-widget-heading\" data-id=\"cf9381d\" data-element_type=\"widget\" data-e-type=\"widget\" data-widget_type=\"heading.default\">\n\t\t\t\t<div class=\"elementor-widget-container\">\n\t\t\t\t\t<h1 class=\"elementor-heading-title elementor-size-default\">Votre commande a \u00e9t\u00e9 trait\u00e9e avec succ\u00e8s !<\/h1>\t\t\t\t<\/div>\n\t\t\t\t<\/div>\n\t\t\t\t<div class=\"elementor-element elementor-element-6c4dfba elementor-align-center elementor-widget elementor-widget-button\" data-id=\"6c4dfba\" data-element_type=\"widget\" data-e-type=\"widget\" data-widget_type=\"button.default\">\n\t\t\t\t<div class=\"elementor-widget-container\">\n\t\t\t\t\t\t\t\t\t<div class=\"elementor-button-wrapper\">\n\t\t\t\t\t<a class=\"elementor-button elementor-button-link elementor-size-sm\" href=\"https:\/\/monepiceriemexicaine.ca\/\">\n\t\t\t\t\t\t<span class=\"elementor-button-content-wrapper\">\n\t\t\t\t\t\t\t\t\t<span class=\"elementor-button-text\">Retour \u00e0 l'accueil<\/span>\n\t\t\t\t\t<\/span>\n\t\t\t\t\t<\/a>\n\t\t\t\t<\/div>\n\t\t\t\t\t\t\t\t<\/div>\n\t\t\t\t<\/div>\n\t\t\t\t\t<\/div>\n\t\t\t\t<\/div>\n\t\t\t\t<\/div>\n\t\t","protected":false},"excerpt":{"rendered":"<p>Votre commande a \u00e9t\u00e9 trait\u00e9e avec succ\u00e8s ! Retour \u00e0 l&#8217;accueil<\/p>\n","protected":false},"author":2,"featured_media":0,"parent":0,"menu_order":0,"comment_status":"closed","ping_status":"closed","template":"","meta":{"inline_featured_image":false,"footnotes":""},"class_list":["post-3939","page","type-page","status-publish","hentry","wpbf-post"],"_links":{"self":[{"href":"https:\/\/monepiceriemexicaine.ca\/en\/wp-json\/wp\/v2\/pages\/3939","targetHints":{"allow":["GET"]}}],"collection":[{"href":"https:\/\/monepiceriemexicaine.ca\/en\/wp-json\/wp\/v2\/pages"}],"about":[{"href":"https:\/\/monepiceriemexicaine.ca\/en\/wp-json\/wp\/v2\/types\/page"}],"author":[{"embeddable":true,"href":"https:\/\/monepiceriemexicaine.ca\/en\/wp-json\/wp\/v2\/users\/2"}],"replies":[{"embeddable":true,"href":"https:\/\/monepiceriemexicaine.ca\/en\/wp-json\/wp\/v2\/comments?post=3939"}],"version-history":[{"count":0,"href":"https:\/\/monepiceriemexicaine.ca\/en\/wp-json\/wp\/v2\/pages\/3939\/revisions"}],"wp:attachment":[{"href":"https:\/\/monepiceriemexicaine.ca\/en\/wp-json\/wp\/v2\/media?parent=3939"}],"curies":[{"name":"wp","href":"https:\/\/api.w.org\/{rel}","templated":true}]}}